{"id":7518,"date":"2026-04-09T09:37:28","date_gmt":"2026-04-09T06:37:28","guid":{"rendered":"https:\/\/www.paljupihaan.fi\/?post_type=product&#038;p=7518"},"modified":"2026-04-09T10:34:40","modified_gmt":"2026-04-09T07:34:40","slug":"lampopumppu-poolex-3-kw","status":"publish","type":"product","link":"https:\/\/www.paljupihaan.fi\/en\/product\/lampopumppu-poolex-3-kw\/","title":{"rendered":"L\u00e4mp\u00f6pumppu Poolex 3 kw"},"content":{"rendered":"<p>Ilmal\u00e4mp\u00f6pumppu altaan l\u00e4mmitykseen tai viilennykseen.<\/p>\n<p>Sopii mainiosti kylm\u00e4altaisiin.<\/p>\n<p>Laitteessa on sis\u00e4\u00e4nrakennettu kiertovesipumppu eli se on suoraan valmis k\u00e4ytt\u00f6\u00f6n.<br \/>\nSuosittelemme kuitenkin asentamaan kierrolle suodattimen etteiv\u00e4t roskat p\u00e4\u00e4se ker\u00e4\u00e4ntym\u00e4\u00e4n laitteen sis\u00e4\u00e4n.<\/p>\n<h2 data-path-to-node=\"2\">Poolex Spawer O&#8217;Spa Flow 3 kW \u2013 Energiatehokasta l\u00e4mp\u00f6\u00e4 ja virkist\u00e4v\u00e4\u00e4 kylmyytt\u00e4<\/h2>\n<p data-path-to-node=\"3\"><b data-path-to-node=\"3\" data-index-in-node=\"0\">Poolex Spawer O&#8217;Spa Flow 3 kW<\/b> on kompakti ja huipputehokas ilmal\u00e4mp\u00f6pumppu, joka on suunniteltu erityisesti ulkoporealtaiden ja pienten uima-altaiden l\u00e4mp\u00f6tilan hallintaan. Se on t\u00e4ydellinen valinta, kun haluat pienent\u00e4\u00e4 s\u00e4hk\u00f6laskua ja nauttia vedest\u00e4 juuri haluamassasi l\u00e4mp\u00f6tilassa.<\/p>\n<h3 data-path-to-node=\"4\">Miksi valita Spawer O&#8217;Spa Flow?<\/h3>\n<ul data-path-to-node=\"5\">\n<li>\n<p data-path-to-node=\"5,0,0\"><b data-path-to-node=\"5,0,0\" data-index-in-node=\"0\">L\u00e4mmit\u00e4 tai j\u00e4\u00e4hdyt\u00e4:<\/b> Toisin kuin perinteiset l\u00e4mmittimet, O\u2019Spa Flow on t\u00e4ysin k\u00e4\u00e4nnett\u00e4v\u00e4. Voit k\u00e4ytt\u00e4\u00e4 sit\u00e4 altaan l\u00e4mmitt\u00e4miseen tai <b data-path-to-node=\"5,0,0\" data-index-in-node=\"137\">veden j\u00e4\u00e4hdytt\u00e4miseen kylm\u00e4altaissa<\/b>, mik\u00e4 tekee siit\u00e4 optimaalisen ratkaisun urheilun j\u00e4lkeiseen palautumiseen tai kuumiin kes\u00e4p\u00e4iviin.<\/p>\n<\/li>\n<li>\n<p data-path-to-node=\"5,1,0\"><b data-path-to-node=\"5,1,0\" data-index-in-node=\"0\">Valtava energians\u00e4\u00e4st\u00f6:<\/b> Laite tuottaa jopa <b data-path-to-node=\"5,1,0\" data-index-in-node=\"43\">75 % pienemm\u00e4n s\u00e4hk\u00f6nkulutuksen<\/b> verrattuna perinteiseen s\u00e4hk\u00f6l\u00e4mmittimeen. Se hy\u00f6dynt\u00e4\u00e4 ulkoilman energiaa tehokkaasti.<\/p>\n<\/li>\n<li>\n<p data-path-to-node=\"5,2,0\"><b data-path-to-node=\"5,2,0\" data-index-in-node=\"0\">Toimii s\u00e4\u00e4ll\u00e4 kuin s\u00e4\u00e4ll\u00e4:<\/b> Suunniteltu kest\u00e4m\u00e4\u00e4n. Laite toimii luotettavasti jopa <b data-path-to-node=\"5,2,0\" data-index-in-node=\"82\">-7 \u00b0C<\/b> l\u00e4mp\u00f6tilaan saakka, mik\u00e4 mahdollistaa k\u00e4yt\u00f6n l\u00e4pi pitk\u00e4n sesongin.<\/p>\n<\/li>\n<li>\n<p data-path-to-node=\"5,3,0\"><b data-path-to-node=\"5,3,0\" data-index-in-node=\"0\">\u00c4lyk\u00e4s ja hiljainen:<\/b> Sis\u00e4\u00e4nrakennettu <b data-path-to-node=\"5,3,0\" data-index-in-node=\"38\">Wi-Fi-ohjaus<\/b> mahdollistaa l\u00e4mp\u00f6tilan s\u00e4\u00e4d\u00f6n suoraan \u00e4lypuhelimesta. Laitteen k\u00e4ynti\u00e4\u00e4ni on optimoitu eritt\u00e4in hiljaiseksi.<\/p>\n<\/li>\n<li>\n<p data-path-to-node=\"5,4,0\"><b data-path-to-node=\"5,4,0\" data-index-in-node=\"0\">Yksinkertainen asennus:<\/b> Plug &amp; Play -ratkaisu tekee kytkenn\u00e4st\u00e4 nopeaa kaikkiin yleisimpiin allasmalleihin.<\/p>\n<\/li>\n<\/ul>\n<h3 data-path-to-node=\"6\">Tekniset kohokohdat:<\/h3>\n<ul data-path-to-node=\"7\">\n<li>\n<p data-path-to-node=\"7,0,0\"><b data-path-to-node=\"7,0,0\" data-index-in-node=\"0\">Toiminnot:<\/b> L\u00e4mmitys ja j\u00e4\u00e4hdytys<\/p>\n<\/li>\n<li>\n<p data-path-to-node=\"7,1,0\"><b data-path-to-node=\"7,1,0\" data-index-in-node=\"0\">Teho:<\/b> 3 kW<\/p>\n<\/li>\n<li>\n<p data-path-to-node=\"7,2,0\"><b data-path-to-node=\"7,2,0\" data-index-in-node=\"0\">Ymp\u00e4rist\u00f6yst\u00e4v\u00e4llinen:<\/b> K\u00e4ytt\u00e4\u00e4 modernia R32-kylm\u00e4ainetta.<\/p>\n<\/li>\n<li>\n<p data-path-to-node=\"7,3,0\"><b data-path-to-node=\"7,3,0\" data-index-in-node=\"0\">Kest\u00e4vyys:<\/b> Korroosiolta suojattu titaaninen l\u00e4mm\u00f6nvaihdin.<\/p>\n<\/li>\n<\/ul>\n<blockquote data-path-to-node=\"8\">\n<p data-path-to-node=\"8,0\"><b data-path-to-node=\"8,0\" data-index-in-node=\"0\">Vinkki:<\/b> Spawer O&#8217;Spa Flow on sijoitus, joka maksaa itsens\u00e4 takaisin s\u00e4\u00e4stynein\u00e4 energiakuluina ja tarjoaa ymp\u00e4rivuotista hy\u00f6ty\u00e4 niin l\u00e4mpimiss\u00e4 kylvyiss\u00e4 kuin viilent\u00e4viss\u00e4 avantokokemuksissa.<\/p>\n<\/blockquote>\n<p data-path-to-node=\"8,0\">HUOM! Talvik\u00e4yt\u00f6ss\u00e4 j\u00e4\u00e4tymisvaara jos tulee s\u00e4hk\u00f6katko. Takuu ei korvaa j\u00e4\u00e4tymisen aiheuttamia vahinkoja.<br \/>\nSuosittelemme siirt\u00e4m\u00e4\u00e4n laitteen l\u00e4mpim\u00e4\u00e4n varastoon talvikaudeksi.<\/p>","protected":false},"excerpt":{"rendered":"<p>Ilmal\u00e4mp\u00f6pumppu altaan l\u00e4mmitykseen tai viilennykseen.<\/p>\n<p>Sopii mainiosti kylm\u00e4altaisiin.<br \/>\nJ\u00e4\u00e4hdytys jopa 2 asteeseen.<\/p>\n<p>Laitteessa on sis\u00e4\u00e4nrakennettu kiertovesipumppu eli se on suoraan valmis k\u00e4ytt\u00f6\u00f6n.<br \/>\nSuosittelemme kuitenkin asentamaan kierrolle suodattimen etteiv\u00e4t roskat p\u00e4\u00e4se ker\u00e4\u00e4ntym\u00e4\u00e4n laitteen sis\u00e4\u00e4n.<\/p>\n<h2 data-path-to-node=\"2\">Poolex Spawer O&#8217;Spa Flow 3 kW \u2013 Energiatehokasta l\u00e4mp\u00f6\u00e4 ja virkist\u00e4v\u00e4\u00e4 kylmyytt\u00e4<\/h2>\n<p data-path-to-node=\"3\"><b data-path-to-node=\"3\" data-index-in-node=\"0\">Poolex Spawer O&#8217;Spa Flow 3 kW<\/b> on kompakti ja huipputehokas ilmal\u00e4mp\u00f6pumppu, joka on suunniteltu erityisesti ulkoporealtaiden ja pienten uima-altaiden l\u00e4mp\u00f6tilan hallintaan. Se on t\u00e4ydellinen valinta, kun haluat pienent\u00e4\u00e4 s\u00e4hk\u00f6laskua ja nauttia vedest\u00e4 juuri haluamassasi l\u00e4mp\u00f6tilassa.<\/p>\n<h3 data-path-to-node=\"4\">Miksi valita Spawer O&#8217;Spa Flow?<\/h3>\n<ul data-path-to-node=\"5\">\n<li>\n<p data-path-to-node=\"5,0,0\"><b data-path-to-node=\"5,0,0\" data-index-in-node=\"0\">L\u00e4mmit\u00e4 tai j\u00e4\u00e4hdyt\u00e4:<\/b> Toisin kuin perinteiset l\u00e4mmittimet, O\u2019Spa Flow on t\u00e4ysin k\u00e4\u00e4nnett\u00e4v\u00e4. Voit k\u00e4ytt\u00e4\u00e4 sit\u00e4 altaan l\u00e4mmitt\u00e4miseen tai <b data-path-to-node=\"5,0,0\" data-index-in-node=\"137\">veden j\u00e4\u00e4hdytt\u00e4miseen kylm\u00e4altaissa<\/b>, mik\u00e4 tekee siit\u00e4 optimaalisen ratkaisun urheilun j\u00e4lkeiseen palautumiseen tai kuumiin kes\u00e4p\u00e4iviin.<\/p>\n<\/li>\n<li>\n<p data-path-to-node=\"5,1,0\"><b data-path-to-node=\"5,1,0\" data-index-in-node=\"0\">Valtava energians\u00e4\u00e4st\u00f6:<\/b> Laite tuottaa jopa <b data-path-to-node=\"5,1,0\" data-index-in-node=\"43\">75 % pienemm\u00e4n s\u00e4hk\u00f6nkulutuksen<\/b> verrattuna perinteiseen s\u00e4hk\u00f6l\u00e4mmittimeen. Se hy\u00f6dynt\u00e4\u00e4 ulkoilman energiaa tehokkaasti.<\/p>\n<\/li>\n<li>\n<p data-path-to-node=\"5,2,0\"><b data-path-to-node=\"5,2,0\" data-index-in-node=\"0\">Toimii s\u00e4\u00e4ll\u00e4 kuin s\u00e4\u00e4ll\u00e4:<\/b> Suunniteltu kest\u00e4m\u00e4\u00e4n. Laite toimii luotettavasti jopa <b data-path-to-node=\"5,2,0\" data-index-in-node=\"82\">-7 \u00b0C<\/b> l\u00e4mp\u00f6tilaan saakka, mik\u00e4 mahdollistaa k\u00e4yt\u00f6n l\u00e4pi pitk\u00e4n sesongin.<\/p>\n<\/li>\n<li>\n<p data-path-to-node=\"5,3,0\"><b data-path-to-node=\"5,3,0\" data-index-in-node=\"0\">\u00c4lyk\u00e4s ja hiljainen:<\/b> Sis\u00e4\u00e4nrakennettu <b data-path-to-node=\"5,3,0\" data-index-in-node=\"38\">Wi-Fi-ohjaus<\/b> mahdollistaa l\u00e4mp\u00f6tilan s\u00e4\u00e4d\u00f6n suoraan \u00e4lypuhelimesta. Laitteen k\u00e4ynti\u00e4\u00e4ni on optimoitu eritt\u00e4in hiljaiseksi.<\/p>\n<\/li>\n<li>\n<p data-path-to-node=\"5,4,0\"><b data-path-to-node=\"5,4,0\" data-index-in-node=\"0\">Yksinkertainen asennus:<\/b> Plug &amp; Play -ratkaisu tekee kytkenn\u00e4st\u00e4 nopeaa kaikkiin yleisimpiin allasmalleihin.<\/p>\n<\/li>\n<\/ul>\n<h3 data-path-to-node=\"6\">Tekniset kohokohdat:<\/h3>\n<ul data-path-to-node=\"7\">\n<li>\n<p data-path-to-node=\"7,0,0\"><b data-path-to-node=\"7,0,0\" data-index-in-node=\"0\">Toiminnot:<\/b> L\u00e4mmitys ja j\u00e4\u00e4hdytys<\/p>\n<\/li>\n<li>\n<p data-path-to-node=\"7,1,0\"><b data-path-to-node=\"7,1,0\" data-index-in-node=\"0\">Teho:<\/b> 3 kW<\/p>\n<\/li>\n<li>\n<p data-path-to-node=\"7,2,0\"><b data-path-to-node=\"7,2,0\" data-index-in-node=\"0\">Ymp\u00e4rist\u00f6yst\u00e4v\u00e4llinen:<\/b> K\u00e4ytt\u00e4\u00e4 modernia R32-kylm\u00e4ainetta.<\/p>\n<\/li>\n<li>\n<p data-path-to-node=\"7,3,0\"><b data-path-to-node=\"7,3,0\" data-index-in-node=\"0\">Kest\u00e4vyys:<\/b> Korroosiolta suojattu titaaninen l\u00e4mm\u00f6nvaihdin.<\/p>\n<\/li>\n<\/ul>\n<blockquote data-path-to-node=\"8\">\n<p data-path-to-node=\"8,0\"><b data-path-to-node=\"8,0\" data-index-in-node=\"0\">Vinkki:<\/b> Spawer O&#8217;Spa Flow on sijoitus, joka maksaa itsens\u00e4 takaisin s\u00e4\u00e4stynein\u00e4 energiakuluina ja tarjoaa ymp\u00e4rivuotista hy\u00f6ty\u00e4 niin l\u00e4mpimiss\u00e4 kylvyiss\u00e4 kuin viilent\u00e4viss\u00e4 avantokokemuksissa.<\/p>\n<\/blockquote>\n<p data-path-to-node=\"8,0\">HUOM! Talvik\u00e4yt\u00f6ss\u00e4 j\u00e4\u00e4tymisvaara jos tulee s\u00e4hk\u00f6katko. Takuu ei korvaa j\u00e4\u00e4tymisen aiheuttamia vahinkoja.<br \/>\nSuosittelemme siirt\u00e4m\u00e4\u00e4n laitteen l\u00e4mpim\u00e4\u00e4n varastoon talvikaudeksi.<\/p>\n<p data-path-to-node=\"8,0\">Tekniset tiedot t\u00e4st\u00e4: <a href=\"https:\/\/www.paljupihaan.fi\/wp-content\/uploads\/2026\/04\/Fiche_Poolex_Spawer_OspaFlow_EN.pdf\">Fiche_Poolex_Spawer_OspaFlow_EN<\/a><\/p>","protected":false},"featured_media":7522,"template":"","meta":{"_et_pb_use_builder":"","_et_pb_old_content":"","_et_gb_content_width":""},"product_cat":[21,27],"product_tag":[],"_links":{"self":[{"href":"https:\/\/www.paljupihaan.fi\/en\/wp-json\/wp\/v2\/product\/7518"}],"collection":[{"href":"https:\/\/www.paljupihaan.fi\/en\/wp-json\/wp\/v2\/product"}],"about":[{"href":"https:\/\/www.paljupihaan.fi\/en\/wp-json\/wp\/v2\/types\/product"}],"wp:featuredmedia":[{"embeddable":true,"href":"https:\/\/www.paljupihaan.fi\/en\/wp-json\/wp\/v2\/media\/7522"}],"wp:attachment":[{"href":"https:\/\/www.paljupihaan.fi\/en\/wp-json\/wp\/v2\/media?parent=7518"}],"wp:term":[{"taxonomy":"product_cat","embeddable":true,"href":"https:\/\/www.paljupihaan.fi\/en\/wp-json\/wp\/v2\/product_cat?post=7518"},{"taxonomy":"product_tag","embeddable":true,"href":"https:\/\/www.paljupihaan.fi\/en\/wp-json\/wp\/v2\/product_tag?post=7518"}],"curies":[{"name":"wp","href":"https:\/\/api.w.org\/{rel}","templated":true}]}}