{"id":4952,"date":"2023-01-09T13:28:07","date_gmt":"2023-01-09T11:28:07","guid":{"rendered":"https:\/\/www.paljupihaan.fi\/?post_type=product&#038;p=4952"},"modified":"2023-03-07T11:45:25","modified_gmt":"2023-03-07T09:45:25","slug":"hiekkasuodatinsailio-5503","status":"publish","type":"product","link":"https:\/\/www.paljupihaan.fi\/en\/product\/hiekkasuodatinsailio-5503\/","title":{"rendered":"Sand filter tank 5503"},"content":{"rendered":"<p id=\"tw-target-text\" class=\"tw-data-text tw-text-large tw-ta\" dir=\"ltr\" data-placeholder=\"K\u00e4\u00e4nn\u00f6s\"><span class=\"Y2IQFc\" lang=\"fi\">Filter tank with top valve and hose connections for swimming pools and hot tubs. <\/span><\/p>\n<p class=\"tw-data-text tw-text-large tw-ta\" dir=\"ltr\" data-placeholder=\"K\u00e4\u00e4nn\u00f6s\"><span class=\"Y2IQFc\" lang=\"fi\">Includes integrated and stable base for pump installation. Top mounted 7-way valve with pressure gauge and hose connection \u00d832 \/ 38mm. Ideal for use in small pools and garden ponds up to 22,000 liters.<\/span><\/p>","protected":false},"excerpt":{"rendered":"<p>Filter tank for cleaning the SilentFlow 5000 hot tub. Sand capacity 20 kg, filter balls can also be used.<\/p>\n<p>Sand or filter balls are not included.<\/p>","protected":false},"featured_media":4953,"template":"","meta":{"_et_pb_use_builder":"","_et_pb_old_content":"","_et_gb_content_width":""},"product_cat":[37,21],"product_tag":[],"_links":{"self":[{"href":"https:\/\/www.paljupihaan.fi\/en\/wp-json\/wp\/v2\/product\/4952"}],"collection":[{"href":"https:\/\/www.paljupihaan.fi\/en\/wp-json\/wp\/v2\/product"}],"about":[{"href":"https:\/\/www.paljupihaan.fi\/en\/wp-json\/wp\/v2\/types\/product"}],"wp:featuredmedia":[{"embeddable":true,"href":"https:\/\/www.paljupihaan.fi\/en\/wp-json\/wp\/v2\/media\/4953"}],"wp:attachment":[{"href":"https:\/\/www.paljupihaan.fi\/en\/wp-json\/wp\/v2\/media?parent=4952"}],"wp:term":[{"taxonomy":"product_cat","embeddable":true,"href":"https:\/\/www.paljupihaan.fi\/en\/wp-json\/wp\/v2\/product_cat?post=4952"},{"taxonomy":"product_tag","embeddable":true,"href":"https:\/\/www.paljupihaan.fi\/en\/wp-json\/wp\/v2\/product_tag?post=4952"}],"curies":[{"name":"wp","href":"https:\/\/api.w.org\/{rel}","templated":true}]}}