{"id":4273,"date":"2022-03-15T17:00:55","date_gmt":"2022-03-15T15:00:55","guid":{"rendered":"https:\/\/www.paljupihaan.fi\/?post_type=product&#038;p=4273"},"modified":"2022-04-03T23:17:11","modified_gmt":"2022-04-03T20:17:11","slug":"paljun-lasikuituallas-240-x-240-cm","status":"publish","type":"product","link":"https:\/\/www.paljupihaan.fi\/en\/product\/paljun-lasikuituallas-240-x-240-cm\/","title":{"rendered":"Hot tub fiberglass basin 240 x 240 cm"},"content":{"rendered":"<p>Octagonal hot tub fiberglass pool.<\/p>\n<p>Suitable for up to 12 people.<\/p>\n<p>External dimensions 240 x 240 cm, internal dimensions 220 x 220 cm, height 96 cm (bench 28 cm, backrest 68 cm).<\/p>\n<p>Color dark gray.<br \/>\nThe pool has a 3-year warranty.<\/p>\n<p>The pool requires support structures underneath before you can fill it with water.<\/p>\n<p>Freight is always priced on a case-by-case basis, please contact us. The online store cannot price freight directly. Please send us your postal code in a message and we will check the freight with the shipping company.<\/p>","protected":false},"excerpt":{"rendered":"<p>Octagonal hot tub fiberglass pool. Suitable for up to 12 people.<\/p>\n<p>External dimensions 240 x 240 cm, internal dimensions 220 x 220 cm, height 96 cm (bench 28 cm, backrest 68 cm).<\/p>\n<p>Color dark gray.<br \/>\nThe pool has a 3-year warranty.<\/p>\n<p>The pool requires support structures underneath before you can fill it with water.<\/p>\n<p>Freight is always priced on a case-by-case basis, please contact us. The online store cannot price freight directly.<br \/>\nPlease send us your postal code in a message and we will check the freight with the shipping company.<\/p>","protected":false},"featured_media":4206,"template":"","meta":{"_et_pb_use_builder":"off","_et_pb_old_content":"Kahdeksankulmainen paljun lasikuituinen allas. Sopiva jopa 12 henkil\u00f6lle.\r\n\r\nUlkomitta 240 x 240 cm, sis\u00e4mitta 220 x 220 cm, korkeus 96 cm (penkki 28 cm, selk\u00e4noja 68 cm).\r\n\r\nV\u00e4ri tummanharmaa.\r\nAltaalla on 3 vuoden takuu.\r\n\r\nAllas vaatii tukirakenteet alleen ennenkuin voit t\u00e4ytt\u00e4\u00e4 sen vedell\u00e4.\r\n\r\nRahti hinnoitellaan aina tapauskohtaisesti, ota yhteytt\u00e4. Verkkokauppa ei osaa hinnoitella rahtia suoraan.\r\nLaita postinumerosi tulemaan viestill\u00e4 niin tarkistamme rahdin kuljetusliikkeest\u00e4.","_et_gb_content_width":""},"product_cat":[28],"product_tag":[],"_links":{"self":[{"href":"https:\/\/www.paljupihaan.fi\/en\/wp-json\/wp\/v2\/product\/4273"}],"collection":[{"href":"https:\/\/www.paljupihaan.fi\/en\/wp-json\/wp\/v2\/product"}],"about":[{"href":"https:\/\/www.paljupihaan.fi\/en\/wp-json\/wp\/v2\/types\/product"}],"wp:featuredmedia":[{"embeddable":true,"href":"https:\/\/www.paljupihaan.fi\/en\/wp-json\/wp\/v2\/media\/4206"}],"wp:attachment":[{"href":"https:\/\/www.paljupihaan.fi\/en\/wp-json\/wp\/v2\/media?parent=4273"}],"wp:term":[{"taxonomy":"product_cat","embeddable":true,"href":"https:\/\/www.paljupihaan.fi\/en\/wp-json\/wp\/v2\/product_cat?post=4273"},{"taxonomy":"product_tag","embeddable":true,"href":"https:\/\/www.paljupihaan.fi\/en\/wp-json\/wp\/v2\/product_tag?post=4273"}],"curies":[{"name":"wp","href":"https:\/\/api.w.org\/{rel}","templated":true}]}}