{"id":4122,"date":"2022-01-31T09:02:34","date_gmt":"2022-01-31T07:02:34","guid":{"rendered":"https:\/\/www.paljupihaan.fi\/?post_type=product&#038;p=4122"},"modified":"2022-11-28T00:01:37","modified_gmt":"2022-11-27T22:01:37","slug":"testi-setti-ph-ja-aktiivihappi","status":"publish","type":"product","link":"https:\/\/www.paljupihaan.fi\/en\/product\/testi-setti-ph-ja-aktiivihappi\/","title":{"rendered":"TEST SET PH and active oxygen"},"content":{"rendered":"<p id=\"tw-target-text\" class=\"tw-data-text tw-text-large tw-ta\" dir=\"ltr\" data-placeholder=\"K\u00e4\u00e4nn\u00f6s\"><span class=\"Y2IQFc\" lang=\"fi\">Swim &amp; Fun test set for pH value \/ Active oxygen is a simple and effective way to measure the pH value and active oxygen content of water. The test kit includes reading containers with printed color codes, fast-dissolving tablets for pH value (Phenol Red) and active oxygen (DPD4). 30 tablets of both. Simple and clear instructions for use included. <\/span><\/p>\n<p class=\"tw-data-text tw-text-large tw-ta\" dir=\"ltr\" data-placeholder=\"K\u00e4\u00e4nn\u00f6s\"><span class=\"Y2IQFc\" lang=\"fi\">Instructions for use:<br \/>\n\u2013 Fill the container with water and add the Phenol Red and DPD4 tablets in separate chambers \u2013 check the packaging to ensure you are placing the tablet in the correct chamber. Note that the tablets should be placed in the smallest chambers, which do not have a color scale.<br \/>\n<\/span><span class=\"Y2IQFc\" lang=\"fi\">\u2013 Shake the container for 20 \u2013 30 seconds until the tablets dissolve, leave for approx. 2 minutes.<br \/>\n\u2013 Compare the color of the water sample to the color on the printed color chart.<br \/>\n\u2013 Choose one of the colors that best matches the color of the water and read the pH value and chlorine content of the water from the color.<\/span><\/p>","protected":false},"excerpt":{"rendered":"<p><span class=\"Y2IQFc\" lang=\"fi\">The pH\/Active Oxygen Test Kit is a simple and effective way to measure the pH and active oxygen content of water.<br \/>\nThe test kit includes reading containers with printed color codes, fast-dissolving tablets for pH (Phenol Red) and active oxygen (DPD4).<br \/>\nA simple and clear user manual is included.<\/span><\/p>","protected":false},"featured_media":4124,"template":"","meta":{"_et_pb_use_builder":"","_et_pb_old_content":"","_et_gb_content_width":""},"product_cat":[33,21],"product_tag":[],"_links":{"self":[{"href":"https:\/\/www.paljupihaan.fi\/en\/wp-json\/wp\/v2\/product\/4122"}],"collection":[{"href":"https:\/\/www.paljupihaan.fi\/en\/wp-json\/wp\/v2\/product"}],"about":[{"href":"https:\/\/www.paljupihaan.fi\/en\/wp-json\/wp\/v2\/types\/product"}],"wp:featuredmedia":[{"embeddable":true,"href":"https:\/\/www.paljupihaan.fi\/en\/wp-json\/wp\/v2\/media\/4124"}],"wp:attachment":[{"href":"https:\/\/www.paljupihaan.fi\/en\/wp-json\/wp\/v2\/media?parent=4122"}],"wp:term":[{"taxonomy":"product_cat","embeddable":true,"href":"https:\/\/www.paljupihaan.fi\/en\/wp-json\/wp\/v2\/product_cat?post=4122"},{"taxonomy":"product_tag","embeddable":true,"href":"https:\/\/www.paljupihaan.fi\/en\/wp-json\/wp\/v2\/product_tag?post=4122"}],"curies":[{"name":"wp","href":"https:\/\/api.w.org\/{rel}","templated":true}]}}