{"id":3624,"date":"2021-11-10T15:39:19","date_gmt":"2021-11-10T13:39:19","guid":{"rendered":"https:\/\/www.paljupihaan.fi\/?post_type=product&#038;p=3624"},"modified":"2025-02-04T16:41:51","modified_gmt":"2025-02-04T14:41:51","slug":"letkuliitin-kierteella","status":"publish","type":"product","link":"https:\/\/www.paljupihaan.fi\/en\/product\/letkuliitin-kierteella\/","title":{"rendered":"Hose connector with thread \u00f8 50mm"},"content":{"rendered":"","protected":false},"excerpt":{"rendered":"<p>Glueable hose connector with \u00f8 50mm outlet, internal thread \u00f8 60mm, includes seal<\/p>","protected":false},"featured_media":3627,"template":"","meta":{"_et_pb_use_builder":"","_et_pb_old_content":"","_et_gb_content_width":""},"product_cat":[63],"product_tag":[],"_links":{"self":[{"href":"https:\/\/www.paljupihaan.fi\/en\/wp-json\/wp\/v2\/product\/3624"}],"collection":[{"href":"https:\/\/www.paljupihaan.fi\/en\/wp-json\/wp\/v2\/product"}],"about":[{"href":"https:\/\/www.paljupihaan.fi\/en\/wp-json\/wp\/v2\/types\/product"}],"wp:featuredmedia":[{"embeddable":true,"href":"https:\/\/www.paljupihaan.fi\/en\/wp-json\/wp\/v2\/media\/3627"}],"wp:attachment":[{"href":"https:\/\/www.paljupihaan.fi\/en\/wp-json\/wp\/v2\/media?parent=3624"}],"wp:term":[{"taxonomy":"product_cat","embeddable":true,"href":"https:\/\/www.paljupihaan.fi\/en\/wp-json\/wp\/v2\/product_cat?post=3624"},{"taxonomy":"product_tag","embeddable":true,"href":"https:\/\/www.paljupihaan.fi\/en\/wp-json\/wp\/v2\/product_tag?post=3624"}],"curies":[{"name":"wp","href":"https:\/\/api.w.org\/{rel}","templated":true}]}}