{"id":302,"date":"2017-09-06T12:47:02","date_gmt":"2017-09-06T09:47:02","guid":{"rendered":"http:\/\/www.paljupihaan.fi\/?post_type=product&#038;p=302"},"modified":"2025-09-03T12:24:33","modified_gmt":"2025-09-03T09:24:33","slug":"2-hengen-kylpytynnyri-ovaali","status":"publish","type":"product","link":"https:\/\/www.paljupihaan.fi\/en\/product\/2-hengen-kylpytynnyri-ovaali\/","title":{"rendered":"2-person hot tub"},"content":{"rendered":"<pre><span style=\"font-family: Arial, sans-serif;\"><span style=\"font-size: small;\">The hot tub is manufactured in Kurikka, South Ostrobothnia. It is made using fairly thick (32 mm) wood cladding, which achieves a very sturdy structure and good thermal insulation. Additional thermal insulation is also available if you want the water to stay warm for longer or if you want to heat the hot tub with electricity.<\/span><\/span>\r\n\r\n<span style=\"font-family: Arial, sans-serif;\"><span style=\"font-size: small;\">Dimensions: External dimensions 165 x 115 cm, internal dimensions 150 x 100 cm, external height 105 cm, internal height 96 cm. Required water volume approximately 800 liters.<\/span><\/span>\r\n\r\n<span style=\"font-family: Arial, sans-serif;\"><span style=\"font-size: small;\">External marine aluminum heater, optionally 25 kW, 30 kW or 37 kW. Heating time 1 \u2013 2.5 hours.<\/span><\/span>\r\n\r\n<span style=\"font-family: Arial, sans-serif;\"><span style=\"font-size: small;\">The hot tub has a 2-year warranty.<\/span><\/span>\r\n\r\n<span style=\"font-family: Arial, sans-serif;\"><span style=\"font-size: small;\">The hot tub is available with a tarpaulin cover or a thick thermal cover. There are also plenty of other accessories available.<\/span><\/span>\r\n\r\nToimitusaika t\u00e4ll\u00e4 hetkell\u00e4 1 - 4 viikkoa.\r\nValitse maksutavaksi lasku niin maksu hoituu vasta toimituksen j\u00e4lkeen.\r\n\r\n<span style=\"font-size: small;\"><strong><span style=\"font-family: Arial, sans-serif;\">Valmistaja:\r\npaljupihaan.fi\r\nE.Latvala Oy\r\nKurikka\r\n0407209425<\/span><\/strong><\/span><\/pre>","protected":false},"excerpt":{"rendered":"<p>The hot tub is manufactured in Kurikka, South Ostrobothnia. It is made using fairly thick (32 mm) wood cladding, which achieves a very sturdy structure and good thermal insulation. Additional thermal insulation is also available if you want the water to stay warm for longer or if you want to heat the hot tub with electricity.<\/p>\n<p>Dimensions: External dimensions 165 x 115 cm, internal dimensions 150 x 100 cm, external height 105 cm, internal height 96 cm.<br \/>\nThe amount of water required is approximately 800 liters.<\/p>\n<p>External marine aluminum heater, optionally 25 kW, 30 kW or 37 kW. Heating time 1 \u2013 2.5 hours.<\/p>\n<p>The hot tub has a 2-year warranty.<\/p>\n<p>The hot tub is available with a tarpaulin cover or a thick thermal cover.<\/p>\n<p>Plenty of other accessories available.<\/p>\n<p>Delivery time is currently 1 \u2013 4 weeks.<br \/>\nSelect invoice as the payment method and payment will only be processed after delivery.<\/p>\n<p><strong>Manufacturer:<br \/>\npaljupihaan.fi<br \/>\nE. Latvala Ltd.<br \/>\nKurikka<br \/>\n0407209425<\/strong><\/p>","protected":false},"featured_media":217,"template":"","meta":{"_et_pb_use_builder":"","_et_pb_old_content":"","_et_gb_content_width":""},"product_cat":[17],"product_tag":[],"_links":{"self":[{"href":"https:\/\/www.paljupihaan.fi\/en\/wp-json\/wp\/v2\/product\/302"}],"collection":[{"href":"https:\/\/www.paljupihaan.fi\/en\/wp-json\/wp\/v2\/product"}],"about":[{"href":"https:\/\/www.paljupihaan.fi\/en\/wp-json\/wp\/v2\/types\/product"}],"wp:featuredmedia":[{"embeddable":true,"href":"https:\/\/www.paljupihaan.fi\/en\/wp-json\/wp\/v2\/media\/217"}],"wp:attachment":[{"href":"https:\/\/www.paljupihaan.fi\/en\/wp-json\/wp\/v2\/media?parent=302"}],"wp:term":[{"taxonomy":"product_cat","embeddable":true,"href":"https:\/\/www.paljupihaan.fi\/en\/wp-json\/wp\/v2\/product_cat?post=302"},{"taxonomy":"product_tag","embeddable":true,"href":"https:\/\/www.paljupihaan.fi\/en\/wp-json\/wp\/v2\/product_tag?post=302"}],"curies":[{"name":"wp","href":"https:\/\/api.w.org\/{rel}","templated":true}]}}