{"id":1232,"date":"2019-03-20T23:26:37","date_gmt":"2019-03-20T21:26:37","guid":{"rendered":"https:\/\/www.paljupihaan.fi\/?post_type=product&#038;p=1232"},"modified":"2022-05-16T10:25:00","modified_gmt":"2022-05-16T07:25:00","slug":"led-valo-paljuun","status":"publish","type":"product","link":"https:\/\/www.paljupihaan.fi\/en\/product\/led-valo-paljuun\/","title":{"rendered":"LED light for hot tub"},"content":{"rendered":"<p>[et_pb_section fb_built=\u201d1\u2033 _builder_version=\u201d3.22\u2033 custom_padding=\u201d0px||||false|false\u201d][et_pb_row _builder_version=\u201d3.25\u2033 background_size=\u201dinitial\u201d background_position=\u201dtop_left\u201d background_repeat=\u201drepeat\u201d width=\u201d100%\u201d custom_padding=\u201d0px||0px||false|false\u201d][et_pb_column type=\u201d4_4\u2033 _builder_version=\u201d3.25\u2033 custom_padding=\u201d|||\u201d custom_padding__hover=\u201d|||\u201d][et_pb_wc_breadcrumb _builder_version=\u201d3.0.47\u2033][\/et_pb_wc_breadcrumb][et_pb_wc_cart_notice _builder_version=\u201d3.0.47\u2033][\/et_pb_wc_cart_notice][\/et_pb_column][\/et_pb_row][et_pb_row column_structure=\u201d1_2,1_2\u2033 _builder_version=\u201d3.25\u2033 background_size=\u201dinitial\u201d background_position=\u201dtop_left\u201d background_repeat=\u201drepeat\u201d width=\u201d100%\u201d custom_padding=\u201d0px||false|false\u201d][et_pb_column type=\u201d1_2\u2033 _builder_version=\u201d3.25\u2033 custom_padding=\u201d|||\u201d custom_padding__hover=\u201d|||\u201d][et_pb_wc_images _builder_version=\u201d3.0.47\u2033][\/et_pb_wc_images][\/et_pb_column][et_pb_column type=\u201d1_2\u2033 _builder_version=\u201d3.25\u2033 custom_padding=\u201d|||\u201d custom_padding__hover=\u201d|||\u201d][et_pb_wc_title _builder_version=\u201d3.0.47\u2033][\/et_pb_wc_title][et_pb_wc_rating _builder_version=\u201d3.0.47\u2033][\/et_pb_wc_rating][et_pb_wc_price _builder_version=\u201d3.0.47\u2033][\/et_pb_wc_price][et_pb_wc_description _builder_version=\u201d3.0.47\u2033][\/et_pb_wc_description][et_pb_wc_add_to_cart _builder_version=\u201d3.0.47\u2033][\/et_pb_wc_add_to_cart][et_pb_wc_meta _builder_version=\u201d3.0.47\u2033][\/et_pb_wc_meta][\/et_pb_column][\/et_pb_row][et_pb_row _builder_version=\u201d3.25\u2033 background_size=\u201dinitial\u201d background_position=\u201dtop_left\u201d background_repeat=\u201drepeat\u201d width=\u201d100%\u201d][et_pb_column type=\u201d4_4\u2033 _builder_version=\u201d3.25\u2033 custom_padding=\u201d|||\u201d custom_padding__hover=\u201d|||\u201d][et_pb_wc_tabs _builder_version=\u201d3.0.47\u2033] [\/et_pb_wc_tabs][et_pb_wc_upsells _builder_version=\u201d3.0.47\u2033][\/et_pb_wc_upsells][et_pb_wc_related_products _builder_version=\u201d3.0.47\u2033][\/et_pb_wc_related_products][\/et_pb_column][\/et_pb_row][\/et_pb_section]<\/p>","protected":false},"excerpt":{"rendered":"<p>LED light for installation in a hot tub, voltage 12 volts.<br \/>\nCan be used directly from the car battery or connected to a solar power system, for example.<br \/>\nOur selection also includes a suitable transformer for 12v\/230v mains power.<\/p>\n<p>Mounting hole size 51 mm.<br \/>\nRecommended number of lamps for a hot tub: 1 \u2013 4.<\/p>\n<p>Color blue or white.<\/p>","protected":false},"featured_media":3142,"template":"","meta":{"_et_pb_use_builder":"on","_et_pb_old_content":"Led-valo paljuun asennettavaksi, j\u00e4nnite 12 volttia.\r\nVoidaan k\u00e4ytt\u00e4\u00e4 suoraan auton akusta tai liitt\u00e4\u00e4 esimerkiksi aurinkos\u00e4hk\u00f6j\u00e4rjestelm\u00e4\u00e4n.\r\nValikoimistamme l\u00f6ytyy my\u00f6s sopiva muuntaja verkkovirralle 12v\/230v.\r\n\r\nAsennusrei\u00e4n koko 51 mm.\r\nSuositeltava m\u00e4\u00e4r\u00e4 paljuun 1 - 4 lamppua.\r\n\r\nV\u00e4ri sininen tai valkoinen.","_et_gb_content_width":""},"product_cat":[51,21],"product_tag":[],"_links":{"self":[{"href":"https:\/\/www.paljupihaan.fi\/en\/wp-json\/wp\/v2\/product\/1232"}],"collection":[{"href":"https:\/\/www.paljupihaan.fi\/en\/wp-json\/wp\/v2\/product"}],"about":[{"href":"https:\/\/www.paljupihaan.fi\/en\/wp-json\/wp\/v2\/types\/product"}],"wp:featuredmedia":[{"embeddable":true,"href":"https:\/\/www.paljupihaan.fi\/en\/wp-json\/wp\/v2\/media\/3142"}],"wp:attachment":[{"href":"https:\/\/www.paljupihaan.fi\/en\/wp-json\/wp\/v2\/media?parent=1232"}],"wp:term":[{"taxonomy":"product_cat","embeddable":true,"href":"https:\/\/www.paljupihaan.fi\/en\/wp-json\/wp\/v2\/product_cat?post=1232"},{"taxonomy":"product_tag","embeddable":true,"href":"https:\/\/www.paljupihaan.fi\/en\/wp-json\/wp\/v2\/product_tag?post=1232"}],"curies":[{"name":"wp","href":"https:\/\/api.w.org\/{rel}","templated":true}]}}