{"id":75,"date":"2017-08-28T11:13:59","date_gmt":"2017-08-28T08:13:59","guid":{"rendered":"http:\/\/www.paljupihaan.fi\/?page_id=75"},"modified":"2025-10-23T11:39:04","modified_gmt":"2025-10-23T08:39:04","slug":"vuokrattavat-paljut","status":"publish","type":"page","link":"https:\/\/www.paljupihaan.fi\/en\/vuokrattavat-paljut\/","title":{"rendered":"Hot tubs for rent"},"content":{"rendered":"<p>[et_pb_section fb_built=\u201d1\u2033 admin_label=\u201dsection\u201d _builder_version=\u201d3.22\u2033 use_background_color_gradient=\u201don\u201d background_image=\u201dhttps:\/\/www.paljupihaan.fi\/wp-content\/uploads\/2017\/03\/shutterstock_264273713-copy.jpg\u201d background_position=\u201dtop_center\u201d custom_padding=\u201d||0px|\u201d][et_pb_row _builder_version=\u201d3.25\u2033 background_size=\u201dinitial\u201d background_position=\u201dtop_left\u201d background_repeat=\u201drepeat\u201d custom_css_main_element=\u201dpadding: 0 !important;\u201d][et_pb_column type=\u201d4_4\u2033 _builder_version=\u201d3.25\u2033 custom_padding=\u201d|||\u201d custom_padding__hover=\u201d|||\u201d][et_pb_text _builder_version=\u201d3.27.4\u2033 border_style=\u201dsolid\u201d]<\/p>\n<h2 id=\"header-caption\">Paljupihaan.fi<\/h2>\n<p>[\/et_pb_text][\/et_pb_column][\/et_pb_row][et_pb_row _builder_version=\u201d3.25\u2033 background_color=\u201d#ffffff\u201d custom_padding=\u201d3em|3em|3em|3em\u201d column_structure=\u201d2_3,1_3\u2033][et_pb_column type=\u201d2_3\u2033 _builder_version=\u201d3.25\u2033 custom_padding=\u201d|||\u201d custom_padding__hover=\u201d|||\u201d][et_pb_text _builder_version=\u201d3.27.4\u2033]<\/p>\n<h1>Hot tub rental all over Finland<\/h1>\n<p>We rent hygienic fiberglass and plastic hot tubs for home delivery or on-site pickup.<\/p>\n<h2>Rent a hot tub for up to 12 people<\/h2>\n<p>The rental boat is suitable for 5-12 people, depending on the size.<\/p>\n<p>Most hot tubs come with a trailer, but we also rent hot tubs without a trailer.<\/p>\n<p>All of our hot tubs have an external wood-burning stove.<\/p>\n<p>Our hot tubs are always rented washed and disinfected.<\/p>\n<p>A great pastime for bachelor parties, birthdays, parties, engagements, Christmas parties, etc.<\/p>\n<p>[\/et_pb_text][\/et_pb_column][et_pb_column type=\u201d1_3\u2033 _builder_version=\u201d3.25\u2033 custom_padding=\u201d|||\u201d custom_padding__hover=\u201d|||\u201d][et_pb_image src=\u201dhttps:\/\/www.paljupihaan.fi\/wp-content\/uploads\/2017\/08\/5-6_h.jpg\u201d alt=\u201d5-6-person palju rental\u201d title_text=\u201d5-6 person palju rental\u201d align=\u201dcenter\u201d align_tablet=\u201dcenter\u201d align_last_edited=\u201don|desktop\u201d _builder_version=\u201d3.23\u2033 custom_margin=\u201d|2em||\u201d animation_style=\u201dslide\u201d animation_direction=\u201dleft\u201d animation_duration=\u201d500ms\u201d animation_intensity_slide=\u201d10%\u201d border_style=\u201dsolid\u201d sticky=\u201doff\u201d]<br \/>\n[\/et_pb_image][et_pb_text _builder_version=\u201d3.27.4\u2033 border_style=\u201dsolid\u201d]5-6 person party<br \/>\n[\/et_pb_text][\/et_pb_column][\/et_pb_row][et_pb_row admin_label=\u201drow\u201d _builder_version=\u201d3.25\u2033 background_color=\u201d#ffffff\u201d background_size=\u201dinitial\u201d background_position=\u201dtop_left\u201d background_repeat=\u201drepeat\u201d custom_padding=\u201d1em|3em|3em\u201d column_structure=\u201d2_3,1_3\u2033][et_pb_column type=\u201d2_3\u2033 _builder_version=\u201d3.25\u2033 background_position=\u201dtop_left\u201d custom_padding=\u201d|||\u201d custom_padding__hover=\u201d|||\u201d][et_pb_text _builder_version=\u201d3.27.4\u2033 border_style=\u201dsolid\u201d]<\/p>\n<h3>Hot tub rental \u2013 price list<\/h3>\n<p><strong>5-6 person barrel:<\/strong><\/p>\n<ul>\n<li>\u20ac80 per day\/between Mon-Thu (incl. VAT 25.5 %)<\/li>\n<li>\u20ac100 per day\/between Fri-Sun (incl. VAT 25.5 %)<\/li>\n<li>\u20ac140 for the whole weekend (incl. VAT 25.5 %)<\/li>\n<\/ul>\n<p><strong>8-person barrel:<\/strong><\/p>\n<ul>\n<li>\u20ac100 per day\/between Mon-Thu (incl. VAT 25.5 %)<\/li>\n<li>\u20ac120 per day\/between Fri-Sun (incl. VAT 25.5 %)<\/li>\n<li>\u20ac160 for the whole weekend (incl. VAT 25.5 %)<\/li>\n<\/ul>\n<p><strong>12-person barrel:<\/strong><\/p>\n<ul>\n<li>\u20ac120 per day\/between Mon-Thu (incl. VAT 25.5 %)<\/li>\n<li>\u20ac140 per day\/between Fri-Sun (incl. VAT 25.5%)<\/li>\n<li>\u20ac180 for the whole weekend (incl. VAT 25.5 %)<\/li>\n<\/ul>\n<p>Also ask about longer rental periods!<\/p>\n<p>Public holidays (Christmas, New Year, Midsummer, Easter) by agreement.<\/p>\n<p>A travel allowance will be added to the prices depending on the situation if a hot tub is brought in. The rental hot tubs are located in Kurikka.<\/p>\n<p>If necessary, we can also provide heating wood for an additional price!<\/p>\n<p>[\/et_pb_text][\/et_pb_column][et_pb_column type=\u201d1_3\u2033 _builder_version=\u201d3.25\u2033 background_position=\u201dtop_left\u201d custom_padding=\u201d|||\u201d custom_padding__hover=\u201d|||\u201d][et_pb_image src=\u201dhttps:\/\/www.paljupihaan.fi\/wp-content\/uploads\/2017\/08\/10-12_h.jpg\u201d alt=\u201dRent a lot for up to 10-12 people\u201d title_text=\u201dRent a lot for up to 10-12 people\u201d align_tablet=\u201dcenter\u201d align_last_edited=\u201don|desktop\u201d _builder_version=\u201d3.23\u2033 animation_style=\u201dslide\u201d animation_direction=\u201dleft\u201d animation_duration=\u201d500ms\u201d animation_intensity_slide=\u201d10%\u201d border_style=\u201dsolid\u201d sticky=\u201doff\u201d]<br \/>\n[\/et_pb_image][et_pb_text _builder_version=\u201d4.8.0\u2033 hover_enabled=\u201d0\u2033 border_style=\u201dsolid\u201d sticky_enabled=\u201d0\u2033]<\/p>\n<p>12-person hot tub<\/p>\n<p>[\/et_pb_text][\/et_pb_column][\/et_pb_row][et_pb_row admin_label=\u201drow\u201d _builder_version=\u201d3.25\u2033 background_color=\u201d#ffffff\u201d background_size=\u201dinitial\u201d background_position=\u201dtop_left\u201d background_repeat=\u201drepeat\u201d custom_padding=\u201d1em|3em|3em|3em\u201d][et_pb_column type=\u201d4_4\u2033 _builder_version=\u201d3.25\u2033 background_position=\u201dtop_left\u201d custom_padding=\u201d|||\u201d custom_padding__hover=\u201d|||\u201d][et_pb_text _builder_version=\u201d3.27.4\u2033]<\/p>\n<h3>Hot tub rental all over Finland from our partners<\/h3>\n<p><strong>Helsinki, Tampere, Jyv\u00e4skyl\u00e4: <a href=\"https:\/\/happybeavers.fi\/\" target=\"_blank\" rel=\"noopener\">HappyBeavers.fi<\/a><\/strong><\/p>\n<p><strong>Nurmo\/Sein\u00e4joki: 0400 \u2013 555 313 <a href=\"http:\/\/www.seinajoenkotitalkkari.com\" target=\"_blank\" rel=\"noopener\">Sein\u00e4joki Home Talk<\/a><\/strong><\/p>\n<p>[\/et_pb_text][\/et_pb_column][\/et_pb_row][\/et_pb_section]<\/p>","protected":false},"excerpt":{"rendered":"<p>[et_pb_section fb_built=&#8221;1&#8243; admin_label=&#8221;section&#8221; _builder_version=&#8221;3.22&#8243; use_background_color_gradient=&#8221;on&#8221; background_image=&#8221;https:\/\/www.paljupihaan.fi\/wp-content\/uploads\/2017\/03\/shutterstock_264273713-copy.jpg&#8221; background_position=&#8221;top_center&#8221; custom_padding=&#8221;||0px|&#8221;][et_pb_row _builder_version=&#8221;3.25&#8243; background_size=&#8221;initial&#8221; background_position=&#8221;top_left&#8221; background_repeat=&#8221;repeat&#8221; custom_css_main_element=&#8221;padding: 0 !important;&#8221;][et_pb_column type=&#8221;4_4&#8243; _builder_version=&#8221;3.25&#8243; custom_padding=&#8221;|||&#8221; custom_padding__hover=&#8221;|||&#8221;][et_pb_text _builder_version=&#8221;3.27.4&#8243; border_style=&#8221;solid&#8221;] Paljupihaan.fi [\/et_pb_text][\/et_pb_column][\/et_pb_row][et_pb_row _builder_version=&#8221;3.25&#8243; background_color=&#8221;#ffffff&#8221; custom_padding=&#8221;3em|3em|3em|3em&#8221; column_structure=&#8221;2_3,1_3&#8243;][et_pb_column type=&#8221;2_3&#8243; _builder_version=&#8221;3.25&#8243; custom_padding=&#8221;|||&#8221; custom_padding__hover=&#8221;|||&#8221;][et_pb_text _builder_version=&#8221;3.27.4&#8243;] Paljun vuokraus ymp\u00e4ri Suomen Vuokraamme hygieenisi\u00e4 lasikuitu- sek\u00e4 muovikylpytynnyreit\u00e4 kotiinkuljetettuna tai paikanp\u00e4\u00e4lt\u00e4 noudettuna. Vuokraa palju jopa 12 hengelle Vuokrapalju soveltuu koosta riippuen 5-12 [&hellip;]<\/p>","protected":false},"author":2,"featured_media":0,"parent":0,"menu_order":0,"comment_status":"closed","ping_status":"closed","template":"","meta":{"_et_pb_use_builder":"on","_et_pb_old_content":"","_et_gb_content_width":""},"_links":{"self":[{"href":"https:\/\/www.paljupihaan.fi\/en\/wp-json\/wp\/v2\/pages\/75"}],"collection":[{"href":"https:\/\/www.paljupihaan.fi\/en\/wp-json\/wp\/v2\/pages"}],"about":[{"href":"https:\/\/www.paljupihaan.fi\/en\/wp-json\/wp\/v2\/types\/page"}],"author":[{"embeddable":true,"href":"https:\/\/www.paljupihaan.fi\/en\/wp-json\/wp\/v2\/users\/2"}],"replies":[{"embeddable":true,"href":"https:\/\/www.paljupihaan.fi\/en\/wp-json\/wp\/v2\/comments?post=75"}],"version-history":[{"count":32,"href":"https:\/\/www.paljupihaan.fi\/en\/wp-json\/wp\/v2\/pages\/75\/revisions"}],"predecessor-version":[{"id":7255,"href":"https:\/\/www.paljupihaan.fi\/en\/wp-json\/wp\/v2\/pages\/75\/revisions\/7255"}],"wp:attachment":[{"href":"https:\/\/www.paljupihaan.fi\/en\/wp-json\/wp\/v2\/media?parent=75"}],"curies":[{"name":"wp","href":"https:\/\/api.w.org\/{rel}","templated":true}]}}