{"id":73,"date":"2017-08-28T11:13:45","date_gmt":"2017-08-28T08:13:45","guid":{"rendered":"http:\/\/www.paljupihaan.fi\/?page_id=73"},"modified":"2026-01-30T11:16:19","modified_gmt":"2026-01-30T09:16:19","slug":"myytavat-paljut","status":"publish","type":"page","link":"https:\/\/www.paljupihaan.fi\/en\/myytavat-paljut\/","title":{"rendered":"Hot tubs for sale"},"content":{"rendered":"[et_pb_section fb_built=&#8221;1&#8243; _builder_version=&#8221;4.8.0&#8243; _module_preset=&#8221;default&#8221;][et_pb_row _builder_version=&#8221;4.8.0&#8243; _module_preset=&#8221;default&#8221;][et_pb_column type=&#8221;4_4&#8243; _builder_version=&#8221;4.8.0&#8243; _module_preset=&#8221;default&#8221;][et_pb_text _builder_version=&#8221;4.8.0&#8243; _module_preset=&#8221;default&#8221;]<h1>Hot tubs for sale<\/h1>\n<p><!-- \/wp:heading --> <!-- wp:paragraph --><\/p>\n<p>We manufacture plastic and fiberglass hot tubs with an external wood stove and electric heating.<br \/>Browse the online store and place an order.<br \/>If something is bothering you, don&#039;t hesitate to contact us.<\/p>\n<p><!-- \/wp:paragraph --> <!-- wp:paragraph --><\/p>\n<p>Collection arranged by price:<\/p>[\/et_pb_text][\/et_pb_column][\/et_pb_row][et_pb_row _builder_version=&#8221;4.8.0&#8243; _module_preset=&#8221;default&#8221;][et_pb_column type=&#8221;4_4&#8243; _builder_version=&#8221;4.8.0&#8243; _module_preset=&#8221;default&#8221;][et_pb_shop type=&#8221;product_category&#8221; posts_number=&#8221;18&#8243; include_categories=&#8221;17&#8243; _builder_version=&#8221;4.8.0&#8243; _module_preset=&#8221;default&#8221; hover_enabled=&#8221;0&#8243; columns_number=&#8221;3&#8243; orderby=&#8221;price&#8221; sticky_enabled=&#8221;0&#8243;][\/et_pb_shop][\/et_pb_column][\/et_pb_row][\/et_pb_section]","protected":false},"excerpt":{"rendered":"<p>[et_pb_section fb_built=&#8221;1&#8243; _builder_version=&#8221;4.8.0&#8243; _module_preset=&#8221;default&#8221;][et_pb_row _builder_version=&#8221;4.8.0&#8243; _module_preset=&#8221;default&#8221;][et_pb_column type=&#8221;4_4&#8243; _builder_version=&#8221;4.8.0&#8243; _module_preset=&#8221;default&#8221;][et_pb_text _builder_version=&#8221;4.8.0&#8243; _module_preset=&#8221;default&#8221;]Myyt\u00e4v\u00e4t paljut Valmistamme muovisia ja lasikuituisia kylpytynnyreit\u00e4 ulkopuolisella puukamiinalla ja s\u00e4hk\u00f6l\u00e4mmitteisen\u00e4.Selaa verkkokauppaa ja tee tilaus.Jos jokin askarruttaa niin \u00e4l\u00e4 my\u00f6sk\u00e4\u00e4n ep\u00e4ile ottaa yhteytt\u00e4. Mallisto hinnan mukaan j\u00e4rjestettyn\u00e4:[\/et_pb_text][\/et_pb_column][\/et_pb_row][et_pb_row _builder_version=&#8221;4.8.0&#8243; _module_preset=&#8221;default&#8221;][et_pb_column type=&#8221;4_4&#8243; _builder_version=&#8221;4.8.0&#8243; _module_preset=&#8221;default&#8221;][et_pb_shop type=&#8221;product_category&#8221; posts_number=&#8221;18&#8243; include_categories=&#8221;17&#8243; _builder_version=&#8221;4.8.0&#8243; _module_preset=&#8221;default&#8221; hover_enabled=&#8221;0&#8243; columns_number=&#8221;3&#8243; orderby=&#8221;price&#8221; sticky_enabled=&#8221;0&#8243;][\/et_pb_shop][\/et_pb_column][\/et_pb_row][\/et_pb_section]<\/p>","protected":false},"author":2,"featured_media":0,"parent":0,"menu_order":0,"comment_status":"closed","ping_status":"closed","template":"","meta":{"_et_pb_use_builder":"on","_et_pb_old_content":"","_et_gb_content_width":""},"_links":{"self":[{"href":"https:\/\/www.paljupihaan.fi\/en\/wp-json\/wp\/v2\/pages\/73"}],"collection":[{"href":"https:\/\/www.paljupihaan.fi\/en\/wp-json\/wp\/v2\/pages"}],"about":[{"href":"https:\/\/www.paljupihaan.fi\/en\/wp-json\/wp\/v2\/types\/page"}],"author":[{"embeddable":true,"href":"https:\/\/www.paljupihaan.fi\/en\/wp-json\/wp\/v2\/users\/2"}],"replies":[{"embeddable":true,"href":"https:\/\/www.paljupihaan.fi\/en\/wp-json\/wp\/v2\/comments?post=73"}],"version-history":[{"count":115,"href":"https:\/\/www.paljupihaan.fi\/en\/wp-json\/wp\/v2\/pages\/73\/revisions"}],"predecessor-version":[{"id":7431,"href":"https:\/\/www.paljupihaan.fi\/en\/wp-json\/wp\/v2\/pages\/73\/revisions\/7431"}],"wp:attachment":[{"href":"https:\/\/www.paljupihaan.fi\/en\/wp-json\/wp\/v2\/media?parent=73"}],"curies":[{"name":"wp","href":"https:\/\/api.w.org\/{rel}","templated":true}]}}