{"id":4978,"date":"2023-03-08T16:59:36","date_gmt":"2023-03-08T14:59:36","guid":{"rendered":"https:\/\/www.paljupihaan.fi\/?page_id=4978"},"modified":"2026-01-27T11:44:36","modified_gmt":"2026-01-27T09:44:36","slug":"vuokrasauna","status":"publish","type":"page","link":"https:\/\/www.paljupihaan.fi\/en\/karrysaunat\/vuokrasauna\/","title":{"rendered":"Rental sauna"},"content":{"rendered":"<p>[et_pb_section fb_built=\u201d1\u2033 admin_label=\u201dsection\u201d _builder_version=\u201d3.22\u2033 use_background_color_gradient=\u201don\u201d background_image=\u201dhttps:\/\/www.paljupihaan.fi\/wp-content\/uploads\/2017\/03\/shutterstock_264273713-copy.jpg\u201d background_position=\u201dtop_center\u201d][et_pb_row _builder_version=\u201d3.25\u2033 background_size=\u201dinitial\u201d background_position=\u201dtop_left\u201d background_repeat=\u201drepeat\u201d][et_pb_column type=\u201d4_4\u2033 _builder_version=\u201d3.25\u2033 custom_padding=\u201d|||\u201d custom_padding__hover=\u201d|||\u201d][et_pb_text _builder_version=\u201d3.27.4\u2033 border_style=\u201dsolid\u201d]<\/p>\n<h2 id=\"header-caption\">Paljupihaan.fi<\/h2>\n<p>[\/et_pb_text][\/et_pb_column][\/et_pb_row][et_pb_row column_structure=&#8221;2_3,1_3&#8243; admin_label=&#8221;row&#8221; _builder_version=&#8221;3.25&#8243; background_color=&#8221;#ffffff&#8221; background_size=&#8221;initial&#8221; background_position=&#8221;top_left&#8221; background_repeat=&#8221;repeat&#8221; custom_padding=&#8221;3em|3em|3em|3em&#8221;][et_pb_column type=&#8221;2_3&#8243; _builder_version=&#8221;3.25&#8243; background_position=&#8221;top_left&#8221; custom_padding=&#8221;|||&#8221; custom_padding__hover=&#8221;|||&#8221;][et_pb_text _builder_version=&#8221;3.27.4&#8243; custom_padding=&#8221;||0px|||&#8221; border_style=&#8221;solid&#8221;]<\/p>\n<h2><\/h2>\n<h2>RENTAL SAUNA<\/h2>\n<p>Our newest sauna cart is ready for rent!<br \/>This cart has a large wood-fired sauna.<br \/>The sauna can accommodate about 10 sauna users.<br \/>LED lighting in the sauna and locker room with its own battery.<br \/>The heater can be filled from the outside, with a hot water tank in the pipe.<\/p>\n<p>The width of the cart is 2.5 meters and the length is 5.5 meters.<br \/>The braked trailer is registered and can be pulled at 80 km\/h.<br \/>Weight approximately 1400 kilograms.<br \/>The sauna has a transparent polycarbonate landscape roof.<br \/>The sauna has a small changing room.<\/p>\n<p><strong>Rental prices:<\/strong><\/p>\n<ul>\n<li>\u20ac120 per day (incl. VAT 25.5 %)<\/li>\n<li>\u20ac160 for the whole weekend (incl. VAT 25.5 %)<\/li>\n<li>public holidays (Christmas, New Year, Midsummer, Easter, May Day) by agreement<\/li>\n<\/ul>\n<p>A travel allowance based on kilometers will be added to the prices if you need transportation.<br \/>We can price the shipping based on the address.<\/p>\n<p>[\/et_pb_text][\/et_pb_column][et_pb_column type=&#8221;1_3&#8243; _builder_version=&#8221;3.25&#8243; background_position=&#8221;top_left&#8221; custom_padding=&#8221;|||&#8221; custom_padding__hover=&#8221;|||&#8221;][et_pb_gallery gallery_ids=&#8221;7400,5815&#8243; posts_number=&#8221;2&#8243; show_title_and_caption=&#8221;off&#8221; show_pagination=&#8221;off&#8221; zoom_icon_color=&#8221;#2ea3f2&#8243; disabled_on=&#8221;off|off|off&#8221; _builder_version=&#8221;4.8.0&#8243; border_style=&#8221;solid&#8221;][\/et_pb_gallery][\/et_pb_column][\/et_pb_row][\/et_pb_section]<\/p>","protected":false},"excerpt":{"rendered":"<p>[et_pb_section fb_built=&#8221;1&#8243; admin_label=&#8221;section&#8221; _builder_version=&#8221;3.22&#8243; use_background_color_gradient=&#8221;on&#8221; background_image=&#8221;https:\/\/www.paljupihaan.fi\/wp-content\/uploads\/2017\/03\/shutterstock_264273713-copy.jpg&#8221; background_position=&#8221;top_center&#8221;][et_pb_row _builder_version=&#8221;3.25&#8243; background_size=&#8221;initial&#8221; background_position=&#8221;top_left&#8221; background_repeat=&#8221;repeat&#8221;][et_pb_column type=&#8221;4_4&#8243; _builder_version=&#8221;3.25&#8243; custom_padding=&#8221;|||&#8221; custom_padding__hover=&#8221;|||&#8221;][et_pb_text _builder_version=&#8221;3.27.4&#8243; border_style=&#8221;solid&#8221;] Paljupihaan.fi [\/et_pb_text][\/et_pb_column][\/et_pb_row][et_pb_row column_structure=&#8221;2_3,1_3&#8243; admin_label=&#8221;row&#8221; _builder_version=&#8221;3.25&#8243; background_color=&#8221;#ffffff&#8221; background_size=&#8221;initial&#8221; background_position=&#8221;top_left&#8221; background_repeat=&#8221;repeat&#8221; custom_padding=&#8221;3em|3em|3em|3em&#8221;][et_pb_column type=&#8221;2_3&#8243; _builder_version=&#8221;3.25&#8243; background_position=&#8221;top_left&#8221; custom_padding=&#8221;|||&#8221; custom_padding__hover=&#8221;|||&#8221;][et_pb_text _builder_version=&#8221;3.27.4&#8243; custom_padding=&#8221;||0px|||&#8221; border_style=&#8221;solid&#8221;] VUOKRASAUNA Uusin saunak\u00e4rrymme valmiina vuokrattavaksi!T\u00e4ss\u00e4 k\u00e4rryss\u00e4 on kookas puul\u00e4mmitteinen sauna.Saunaan mahtuu noin 10 saunojaa.Saunassa ja pukuhuoneessa led-valaistus omalla akulla.Kiuas ulkopuolelta [&hellip;]<\/p>","protected":false},"author":2,"featured_media":0,"parent":350,"menu_order":0,"comment_status":"closed","ping_status":"closed","template":"","meta":{"_et_pb_use_builder":"on","_et_pb_old_content":"[et_pb_section bb_built=\"1\" admin_label=\"section\" _builder_version=\"3.0.71\" use_background_color_gradient=\"on\" background_image=\"https:\/\/www.paljupihaan.fi\/wp-content\/uploads\/2017\/03\/shutterstock_264273713-copy.jpg\" background_position=\"top_center\"][et_pb_row background_position=\"top_left\" background_repeat=\"repeat\" background_size=\"initial\" _builder_version=\"3.0.71\"][et_pb_column type=\"4_4\"][et_pb_text _builder_version=\"3.0.71\" background_layout=\"light\" text_orientation=\"left\" border_style=\"solid\"]\n<h2 id=\"header-caption\">Paljupihaan.fi<\/h2>\n[\/et_pb_text][\/et_pb_column][\/et_pb_row][et_pb_row admin_label=\"row\" background_position=\"top_left\" background_repeat=\"repeat\" background_size=\"initial\" _builder_version=\"3.0.71\" background_color=\"#ffffff\" background_position_1=\"top_left\" background_repeat_1=\"no-repeat\" background_position_2=\"top_left\" background_repeat_2=\"no-repeat\" custom_padding=\"3em|3em|3em|3em\"][et_pb_column type=\"2_3\"][et_pb_text _builder_version=\"3.0.71\" background_layout=\"light\" text_orientation=\"left\" border_style=\"solid\"]\n<h2>UUSI VUOKRASAUNA 2017<\/h2>\nTalven aikana valmistunut sauna on nyt valmiina vuokrattavaksi !\nT\u00e4m\u00e4 sauna ei j\u00e4t\u00e4 ket\u00e4\u00e4n kylm\u00e4ksi !!\nSaunaan mahtuu noin 10 saunojaa ja paljuun noin 8 kylpij\u00e4\u00e4.\nSaunassa ja paljussa led-valaistus omalla akulla.\n\nHuomioi k\u00e4rryn koko paikkaa suunnitellessa, k\u00e4rryn leveys on 2,5 metri\u00e4 ja pituus 10,5 metri\u00e4.\n\n<strong>Vuokrahinnat (sis\u00e4lt\u00e4\u00e4 kylpytynnyrin vuokran):<\/strong>\n<ul>\n \t<li>200 \u20ac vuorokausi (sis. ALV 24 %)<\/li>\n \t<li>250 \u20ac koko viikonloppu (sis. ALV 24 %)<\/li>\n \t<li>juhlapyh\u00e4t (joulu, uusivuosi, juhannus, p\u00e4\u00e4si\u00e4inen, vappu) sopimuksen mukaan<\/li>\n<\/ul>\nHintoihin lis\u00e4t\u00e4\u00e4n matkakorvaus tilanteen mukaan.\n\nHinta on my\u00f6s neuvoteltavissa tapauskohtaisesti.\n\n[\/et_pb_text][\/et_pb_column][et_pb_column type=\"1_3\"][et_pb_gallery _builder_version=\"3.0.71\" posts_number=\"3\" show_title_and_caption=\"off\" show_pagination=\"off\" gallery_ids=\"387,388,389\" fullwidth=\"off\" orientation=\"landscape\" zoom_icon_color=\"#2ea3f2\" hover_overlay_color=\"rgba(255,255,255,0.9)\" background_layout=\"light\" border_style=\"solid\" auto=\"off\" \/][\/et_pb_column][\/et_pb_row][\/et_pb_section]","_et_gb_content_width":""},"_links":{"self":[{"href":"https:\/\/www.paljupihaan.fi\/en\/wp-json\/wp\/v2\/pages\/4978"}],"collection":[{"href":"https:\/\/www.paljupihaan.fi\/en\/wp-json\/wp\/v2\/pages"}],"about":[{"href":"https:\/\/www.paljupihaan.fi\/en\/wp-json\/wp\/v2\/types\/page"}],"author":[{"embeddable":true,"href":"https:\/\/www.paljupihaan.fi\/en\/wp-json\/wp\/v2\/users\/2"}],"replies":[{"embeddable":true,"href":"https:\/\/www.paljupihaan.fi\/en\/wp-json\/wp\/v2\/comments?post=4978"}],"version-history":[{"count":6,"href":"https:\/\/www.paljupihaan.fi\/en\/wp-json\/wp\/v2\/pages\/4978\/revisions"}],"predecessor-version":[{"id":7410,"href":"https:\/\/www.paljupihaan.fi\/en\/wp-json\/wp\/v2\/pages\/4978\/revisions\/7410"}],"up":[{"embeddable":true,"href":"https:\/\/www.paljupihaan.fi\/en\/wp-json\/wp\/v2\/pages\/350"}],"wp:attachment":[{"href":"https:\/\/www.paljupihaan.fi\/en\/wp-json\/wp\/v2\/media?parent=4978"}],"curies":[{"name":"wp","href":"https:\/\/api.w.org\/{rel}","templated":true}]}}