{"id":4005,"date":"2022-01-18T09:01:46","date_gmt":"2022-01-18T07:01:46","guid":{"rendered":"https:\/\/www.paljupihaan.fi\/?page_id=4005"},"modified":"2025-03-12T14:33:33","modified_gmt":"2025-03-12T12:33:33","slug":"usein-kysytyt-kysymykset","status":"publish","type":"page","link":"https:\/\/www.paljupihaan.fi\/en\/usein-kysytyt-kysymykset\/","title":{"rendered":"FAQ"},"content":{"rendered":"<p>[et_pb_section fb_built=\u201d1\u2033 admin_label=\u201dsection\u201d _builder_version=\u201d3.22\u2033][et_pb_row admin_label=\u201drow\u201d _builder_version=\u201d3.25\u2033 background_size=\u201dinitial\u201d background_position=\u201dtop_left\u201d background_repeat=\u201drepeat\u201d][et_pb_column type=\u201d4_4\u2033 _builder_version=\u201d3.25\u2033 custom_padding=\u201d|||\u201d custom_padding__hover=\u201d|||\u201d][et_pb_text admin_label=\u201dText\u201d _builder_version=\u201d3.27.4\u2033 background_size=\u201dinitial\u201d background_position=\u201dtop_left\u201d background_repeat=\u201drepeat\u201d]<!-- divi:paragraph --><\/p>\n<h2><strong>FREQUENTLY ASKED QUESTIONS<\/strong><\/h2>\n<p><strong><\/strong><\/p>\n<p><strong>At what point can you light a fire in the stove?<\/strong><\/p>\n<p>The stove may only be lit when there is so much water in the basin that the upper passage of the stove is well under water, at least 10cm of water above the top edge of the opening.<\/p>\n<p><!-- \/divi:paragraph --> <!-- divi:paragraph --><\/p>\n<p><strong>At what point can the water be removed from the pool?<\/strong><\/p>\n<p>The water in the basin may only be removed when there are no more hot embers in the stove and the stove has cooled down. If the water is drained too early while the stove is still hot, it may break the stove. It is a good idea to take such a step that when draining the basin, you also remove the plug from the stove and drain the stove. This will prevent the risk of water remaining in the stove in winter and breaking the stove if it freezes. Regularly draining the stove and running water through the stove keeps the stove&#039;s water tank clean.<\/p>\n<p><!-- \/divi:paragraph --> <!-- divi:paragraph --><\/p>\n<p><strong>How much electricity does an electrically heated hot tub consume?<\/strong><\/p>\n<p>There are many different factors here, of course less electricity is consumed in summer than in winter. Due to recent large fluctuations in electricity prices, we are now reporting the readings in kilowatts, from which you can easily calculate the current price. The euro amounts shown are what we currently pay for electricity. The consumption figures have been measured in such a way that the pool has been kept at a constant temperature of 37 degrees.<\/p>\n<p>A 4-person hot tub consumes 3-5 kWh per day in the summer, 8-10 kWh per day in the winter, an average of 6-7 kWh per day over the entire year. This figure includes keeping the pool warm, but consumption increases depending on how much the pool is used. Depending on the price of electricity, we have reached a daily price of less than one euro.<br \/>\nThe first heating from 6 degrees to 37 degrees costs about 36 kWh, or about 4.5 euros.<\/p>\n<p>An 8-person hot tub consumes 4-6 kWh per day in summer, 10-12 kWh per day in winter, an average of 8-9 kWh per day over the entire year. This figure includes keeping the pool warm, and consumption increases depending on how much the pool is used. Depending on the price of electricity, we have reached a daily price of 1 - 1.2 euros. The first heating from 6 degrees to 37 degrees costs about 58 kWh, or about 7.2 euros.<\/p>\n<p><!-- \/divi:paragraph --> <!-- divi:paragraph --><\/p>\n<p><strong>What size heater should I choose for an electrically heated, always-warm hot tub?<\/strong><\/p>\n<p>First you need to find out if there is power available. A 3 kW heater runs on light current, but requires at least a 16A fuse.<br \/>\nThe 6 kW and 9 kW versions require power. The 6 kW heater requires at least 3 x 10A fuses and the 9 kW heater requires at least 3 x 16A fuses.<br \/>\nA 3 kW heater is usually sufficient, it does not matter how often the hot tub is used, but how long you are in the hot tub at a time. When the hot tub lid is opened, the heat starts to evaporate, in summer a 3 kW heater is enough to keep the temperature at 37 degrees throughout the bath. In winter use, the power of a 3 kW heater is not quite enough, and the pool slowly starts to cool down. The drop in temperature depends on the temperature and wind, but it is usually not very fast. Usually the temperature drops by about 1-2 degrees per hour. When the lid is closed, the temperature rises back up. 6 kW and 9 kW heaters are sufficient to keep the pool warm all year round, and the temperature does not drop even in winter. The biggest difference between 6 kW and 9 kW heaters is the initial heating time of the hot tub.<br \/>\nThe size of the heater affects the initial heating time of the hot tub as follows. The heating times for hot tubs with different heaters from 6 degrees to 37 degrees are shown below:<\/p>\n<p><!-- \/divi:paragraph --> <!-- divi:paragraph --><\/p>\n<p>4-person hot tub with 3 kW heater for about 10 hours<br \/>\n4-person hot tub with 6 kW heater for about 5 hours<br \/>\n4-person hot tub with 9 kW heater for approximately 3.5 hours<br \/>\n8-person hot tub with 3 kW heater for approximately 16 hours<br \/>\n8-person hot tub with 6 kW heater for about 8 hours<br \/>\n8-person hot tub with 9 kW heater for approximately 5.5 hours<\/p>\n<p><!-- \/divi:paragraph --> <!-- divi:paragraph --><\/p>\n<p>The initial heating time has very little significance in the use of a hot tub, because the same water can be used for several months. Mainly in rental use or similar, the significance is greater when the water is changed frequently. Of course, the maintenance temperature can be kept lower to save electricity and with a larger heater the hot tub will be warm again faster.<\/p>\n<p><!-- \/divi:paragraph --> <!-- divi:paragraph --><\/p>\n<p>The size of the heater does not affect the hot tub&#039;s electricity consumption in kilowatt hours; a larger heater is on for less time per day.<\/p>\n<p>&nbsp;<\/p>\n<p><strong>How do I connect the electrics of an always-warm hot tub?<\/strong><\/p>\n<p><a href=\"https:\/\/www.paljupihaan.fi\/wp-content\/uploads\/2022\/01\/sahkoliitanta.pdf\" target=\"_blank\" rel=\"noopener noreferrer\">Instructions at this link.<\/a> There is a plug ready inside the hot tub&#039;s equipment box, you just need to drill a hole in the box for the cable and connect the plug to the end of the cable. Instructions are in this link.<br \/>\nThe power cable must have a disconnection option, i.e. a safety switch or a removable plug outside the hot tub.<br \/>\nThe 3 kW version has a light current plug, the 6 kW and 9 kW versions have a power current plug.<br \/>\nA licensed electrician must always be used for electrical installations.<\/p>\n<p>&nbsp;<\/p>\n<p><!-- \/divi:paragraph --> <!-- divi:paragraph --><\/p>\n<p><strong>Do I have to keep the hot tub at 37 degrees?<\/strong><\/p>\n<p><strong><\/strong><\/p>\n<p><!-- \/divi:paragraph -->The temperature of the hot tub can be freely adjusted between 0-45 degrees, so you can even use it as a cold pool. Of course, there is no cooling function, so if you adjust the temperature down just right, the hot tub will slowly follow the outside temperature.<\/p>\n<p>&nbsp;<\/p>\n<p><!-- divi:paragraph --><\/p>\n<p><strong>How often should the water in a hot tub be changed?<br \/>\n<\/strong><\/p>\n<p>The water change interval depends a lot on the user. In principle, the same water can be used for several months, but this requires that the filter has been kept clean and the water has been disinfected with pool chemicals. In our online store you will find several different options for maintaining the cleanliness of the pool water.<\/p>\n<p><!-- \/divi:paragraph --> <!-- divi:paragraph --><\/p>\n<p><strong>What kind of surface can a hot tub be installed on?<br \/>\n<\/strong><\/p>\n<p>The installation base for the hot tub must be flat and load-bearing, so that the hot tub does not sink into the ground over time. We recommend that there is a compacted crushed stone bed under the hot tub. There are impregnated planks at the bottom of the hot tub on which the hot tub is installed. For example, concrete slabs 40 x 40 cm under the planks, so that there is a ventilation gap under the bottom of the hot tub. There must also be separate slabs under the stove, because the stove stands on its own feet next to the hot tub.<\/p>\n<p><!-- \/divi:paragraph --> <!-- divi:paragraph --> <!-- \/divi:paragraph -->[\/et_pb_text][et_pb_text _builder_version=\u201d4.8.0\u2033 _module_preset=\u201ddefault\u201d text_font=\u201d|||||||||\u201d]<\/p>\n<p>&nbsp;<strong style=\"font-size: 16px;\">How to fill filter balls into a sand filter tank<\/strong><\/p>\n<p><a href=\"https:\/\/www.paljupihaan.fi\/wp-content\/uploads\/2018\/02\/Suodatinpallo-esite.pdf\" target=\"_blank\" rel=\"noopener noreferrer\">Instructions at this link.<\/a> When replacing filter balls, remember to turn off the pump, plug the inlet and close the tap during the replacement. Filter balls can be reused after washing them, and the balls can also be machine washed. Always wash without detergent. Otherwise, the installation of the balls during replacement is the same as during initial installation.<\/p>\n<p>[\/et_pb_text][\/et_pb_column][\/et_pb_row][\/et_pb_section]<\/p>","protected":false},"excerpt":{"rendered":"<p>[et_pb_section fb_built=\u201d1\u2033 admin_label=\u201dsection\u201d _builder_version=\u201d3.22\u2033][et_pb_row admin_label=\u201drow\u201d _builder_version=\u201d3.25\u2033 background_size=\u201dinitial\u201d background_position=\u201dtop_left\u201d background_repeat=\u201drepeat\u201d][et_pb_column type=\u201d4_4\u2033 _builder_version=\u201d3.25\u2033 custom_padding=\u201d|||\u201d custom_padding__hover=\u201d|||\u201d][et_pb_text admin_label=\u201dText\u201d _builder_version=\u201d3.27.4\u2033 background_size=\u201dinitial\u201d background_position=\u201dtop_left\u201d background_repeat=\u201drepeat\u201d] FREQUENTLY ASKED QUESTIONS At what point can you light fires in the fireplace? You can only light a fire in the stove when there is so much water in the basin that the upper passage of the stove is well under water, at least 10cm of water above the upper edge of the opening. At what point [\u2026]<\/p>","protected":false},"author":27,"featured_media":0,"parent":0,"menu_order":0,"comment_status":"closed","ping_status":"closed","template":"","meta":{"_et_pb_use_builder":"on","_et_pb_old_content":"<p>[et_pb_section fb_built=\"1\" admin_label=\"section\" _builder_version=\"3.22\"][et_pb_row admin_label=\"row\" _builder_version=\"3.25\" background_size=\"initial\" background_position=\"top_left\" background_repeat=\"repeat\"][et_pb_column type=\"4_4\" _builder_version=\"3.25\" custom_padding=\"|||\" custom_padding__hover=\"|||\"][et_pb_text admin_label=\"Text\" _builder_version=\"3.27.4\" background_size=\"initial\" background_position=\"top_left\" background_repeat=\"repeat\"]<\/p>\n<p><\/p>\n\n<!-- wp:paragraph -->\n<p><\/p>\n<!-- \/wp:paragraph -->\n\n<p><\/p>\n\n<!-- wp:paragraph -->\n<p><\/p>\n<!-- \/wp:paragraph -->\n\n<!-- wp:paragraph -->\n<\/p>\n<p><strong>Kuinka paljon s\u00e4hk\u00f6l\u00e4mmitteinen palju kuluttaa s\u00e4hk\u00f6\u00e4?<\/strong><\/p>\n<p>T\u00e4ss\u00e4 on monta eri tekij\u00e4\u00e4, kes\u00e4ll\u00e4 s\u00e4hk\u00f6\u00e4 kuluu tietysti v\u00e4hemm\u00e4n kuin talvella. Viime aikaisten s\u00e4hk\u00f6n hinnan suurten vaihteluiden takia ilmoitamme t\u00e4ss\u00e4 nyt lukemat kilowatteina, siit\u00e4 voi sitten helposti laskea sen hetkisen hinnan. Esitetyt eurom\u00e4\u00e4r\u00e4t ovat sellaisia mit\u00e4 itse maksamme t\u00e4ll\u00e4 hetkell\u00e4 s\u00e4hk\u00f6st\u00e4. Kulutuslukemat on mitattu sill\u00e4 tavalla ett\u00e4 allasta on pidetty jatkuvasti 37 asteessa.<\/p>\n<p>4 hengen ainal\u00e4mmin palju kuluttaa kes\u00e4ll\u00e4 3-5 kwh vuorokaudessa, talvella 8-10 kwh vuorokaudessa, keskim\u00e4\u00e4rin siis 6-7 kwh vuorokaudessa koko vuodelle jaettuna. T\u00e4m\u00e4 lukema sis\u00e4lt\u00e4\u00e4 siis altaan l\u00e4mpim\u00e4n\u00e4 pit\u00e4misen, k\u00e4yt\u00f6n mukaan kulutus sitten kasvaa riippuen kuinka paljon allasta k\u00e4ytet\u00e4\u00e4n. S\u00e4hk\u00f6n hinnasta riippuen olemme p\u00e4\u00e4sseet alle euronkin vuorokausihintaan.<br \/>Ensimm\u00e4inen l\u00e4mmitys 6 asteesta 37 asteeseen noin 36 kwh eli noin 4,5 euroa.<\/p>\n<p>8 hengen ainal\u00e4mmin palju kuluttaa kes\u00e4ll\u00e4 4-6 kwh vuorokaudessa, talvella 10-12 kwh vuorokaudessa, keskim\u00e4\u00e4rin siis 8-9 kwh vuorokaudessa koko vuodelle jaettuna. T\u00e4m\u00e4 lukema sis\u00e4lt\u00e4\u00e4 siis altaan l\u00e4mpim\u00e4n\u00e4 pit\u00e4misen, k\u00e4yt\u00f6n mukaan kulutus sitten kasvaa riippuen kuinka paljon allasta k\u00e4ytet\u00e4\u00e4n. S\u00e4hk\u00f6n hinnasta riippuen olemme p\u00e4\u00e4sseet 1 - 1,2 euron vuorokausihintaan. Ensimm\u00e4inen l\u00e4mmitys 6 asteesta 37 asteeseen noin 58 kwh eli noin 7,2 euroa.<\/p>\n<p>\n<!-- \/wp:paragraph -->\n\n<p><\/p>\n\n<!-- wp:paragraph -->\n<\/p>\n<p><strong>Mink\u00e4 kokoisen l\u00e4mmittimen valitsen s\u00e4hk\u00f6l\u00e4mmitteiseen ainal\u00e4mmin paljuun?<\/strong><\/p>\n<p>Ensimm\u00e4iseksi t\u00e4ytyy selvitt\u00e4\u00e4 onko saatavilla voimavirtaa. 3 kw l\u00e4mmitin toimii valovirralla, mutta vaatii v\u00e4hint\u00e4\u00e4n 16A sulakkeen.<br \/>6 kw ja 9 kw versiot tarvitsevat voimavirran. 6 kw l\u00e4mmitin vaatii v\u00e4hint\u00e4\u00e4n 3 x 10A sulakkeet ja 9 kw l\u00e4mmitin vaatii v\u00e4hint\u00e4\u00e4n 3 x 16A sulakkeet.<br \/>3 kw l\u00e4mmitin riitt\u00e4\u00e4 yleens\u00e4, sill\u00e4 ei ole merkityst\u00e4 miten usein paljua k\u00e4ytet\u00e4\u00e4n, vaan sill\u00e4 miten kauan paljussa kerralla ollaan. Kun paljun kansi avataan alkaa l\u00e4mp\u00f6\u00e4 haihtua, kes\u00e4ll\u00e4 3 kw l\u00e4mmitin riitt\u00e4\u00e4 pit\u00e4m\u00e4\u00e4n l\u00e4mm\u00f6n 37 asteessa koko kylvyn ajan. Talvik\u00e4yt\u00f6ss\u00e4 3 kw l\u00e4mmittimell\u00e4 teho ei kunnolla riit\u00e4, vaan allas alkaa hiljalleen j\u00e4\u00e4hty\u00e4. L\u00e4mm\u00f6n tippuminen riippuu l\u00e4mp\u00f6tilasta ja tuulesta, mutta se ei ole yleens\u00e4 kovin nopeaa. Yleens\u00e4 l\u00e4mp\u00f6 tippuu noin 1-2 astetta tunnissa. Kun kannen sulkee niin l\u00e4mp\u00f6 nousee takaisin. 6 kw ja 9 kw l\u00e4mmittimet riitt\u00e4v\u00e4t pit\u00e4m\u00e4\u00e4n altaan l\u00e4mpim\u00e4n\u00e4 ymp\u00e4ri vuoden, eik\u00e4 talvellakaan l\u00e4mp\u00f6tila p\u00e4\u00e4se laskemaan. 6 kw ja 9 kw l\u00e4mmittimien suurin ero onkin paljun alkul\u00e4mmitysajassa.<br \/>L\u00e4mmittimen koko vaikuttaa seuraavasti paljun alkul\u00e4mmitysaikaan, alla esitetty paljujen l\u00e4mmitysajat eri l\u00e4mmittimill\u00e4 6 asteesta 37 asteeseen:<\/p>\n<p>\n<!-- \/wp:paragraph -->\n\n<p><\/p>\n\n<!-- wp:paragraph -->\n<\/p>\n<p>4 hengen palju 3 kw l\u00e4mmittimell\u00e4 noin 10 tuntia<br \/>4 hengen palju 6 kw l\u00e4mmittimell\u00e4 noin 5 tuntia<br \/>4 hengen palju 9 kw l\u00e4mmittimell\u00e4 noin 3,5 tuntia<br \/>8 hengen palju 3 kw l\u00e4mmittimell\u00e4 noin 16 tuntia<br \/>8 hengen palju 6 kw l\u00e4mmittimell\u00e4 noin 8 tuntia<br \/>8 hengen palju 9 kw l\u00e4mmittimell\u00e4 noin 5,5 tuntia<\/p>\n<p>\n<!-- \/wp:paragraph -->\n\n<p><\/p>\n\n<!-- wp:paragraph -->\n<\/p>\n<p>Alkul\u00e4mmitysajalla on hyvin pieni merkitys paljun k\u00e4yt\u00f6ss\u00e4, koska sama vesi voi olla useita kuukausia. L\u00e4hinn\u00e4 vuokrak\u00e4yt\u00f6ss\u00e4 tai vastaavassa merkitys on isompi kun vett\u00e4 vaihdetaan usein. Toki yll\u00e4pitol\u00e4mp\u00f6\u00e4 voi pit\u00e4\u00e4 alhaisempana s\u00e4\u00e4st\u00e4\u00e4kseen s\u00e4hk\u00f6\u00e4 ja isommalla l\u00e4mmittimell\u00e4 palju on t\u00e4ll\u00f6in nopeammin uudelleen l\u00e4mmin.<\/p>\n<p>\n<!-- \/wp:paragraph -->\n\n<p><\/p>\n\n<!-- wp:paragraph -->\n<\/p>\n<p>L\u00e4mmittimen koko ei vaikuta paljun s\u00e4hk\u00f6n kulutukseen kilowattitunteina, isompi l\u00e4mmitin on v\u00e4hemm\u00e4n aikaa p\u00e4\u00e4ll\u00e4 vuorokaudessa.<\/p>\n<p>\n<!-- \/wp:paragraph -->\n\n<p><\/p>\n\n<!-- wp:paragraph -->\n<\/p>\n<p><strong>Miten ainal\u00e4mmin paljun s\u00e4hk\u00f6liit\u00e4nt\u00e4 tehd\u00e4\u00e4n?<\/strong><\/p>\n<p>Paljun laitekotelon sis\u00e4ll\u00e4 on pistoke valmiina, koteloon pit\u00e4\u00e4 porata reik\u00e4 johdolle ja liitt\u00e4\u00e4 pistoke johdon p\u00e4\u00e4h\u00e4n. Ohje t\u00e4ss\u00e4 linkiss\u00e4.<br \/>Sy\u00f6tt\u00f6kaapelissa pit\u00e4\u00e4 olla irtikytkent\u00e4mahdollisuus eli turvakytkin tai irrotettava pistoke paljun ulkopuolella.<br \/>3 kw versiossa on valovirtapistoke, 6 kw ja 9 kw versioissa on voimavirtapistoke.<br \/>S\u00e4hk\u00f6asennuksissa on aina k\u00e4ytett\u00e4v\u00e4 luvat omaavaa s\u00e4hk\u00f6asentajaa.<\/p>\n<p>\n<!-- \/wp:paragraph -->\n\n<p><\/p>\n\n<!-- wp:paragraph -->\n<\/p>\n<p><strong>T\u00e4ytyyk\u00f6 ainal\u00e4mmin palju pit\u00e4\u00e4 aina 37 asteisena?<\/strong><\/p>\n<p><strong><\/strong><\/p>\n<p>\n<!-- \/wp:paragraph -->\n\n<p>Paljun l\u00e4mp\u00f6tilan voi vapaasti s\u00e4\u00e4t\u00e4\u00e4 v\u00e4lille 0-45 astetta eli voit pit\u00e4\u00e4 sit\u00e4 vaikka kylm\u00e4altaana. Viilennystoimintoa siin\u00e4 ei tietenk\u00e4\u00e4n ole, eli jos s\u00e4\u00e4d\u00e4t l\u00e4mm\u00f6n oikein alas niin palju seurailee hiljakseen ulkol\u00e4mp\u00f6tilaa.<\/p>\n<p><\/p>\n\n<!-- wp:paragraph -->\n<\/p>\n<p><strong>Kuinka usein ainal\u00e4mmin paljun vesi pit\u00e4\u00e4 vaihtaa?<br \/><\/strong><\/p>\n<p>Veden vaihtov\u00e4li riippuu paljon k\u00e4ytt\u00e4j\u00e4st\u00e4. L\u00e4ht\u00f6kohtaisesti sama vesi voi olla useita kuukausia, mutta t\u00e4m\u00e4 edellytt\u00e4\u00e4 ett\u00e4 suodattimen puhtaudesta on huolehdittu ja veden desinfioinnista on pidetty huolta allaskemikaaleilla. Verkkokaupastamme l\u00f6yd\u00e4t useita eri vaihtoehtoja allasveden puhtaanapitoon.<\/p>\n<p>\n<!-- \/wp:paragraph -->\n\n<p><\/p>\n\n<!-- wp:paragraph -->\n<\/p>\n<p><strong>Millaiselle alustalle paljun voi asentaa?<br \/><\/strong><\/p>\n<p>Paljun asennusalusta t\u00e4ytyy olla tasainen ja kantava, niin ettei palju painu ajan mittaan maahan. Suosittelemme ett\u00e4 paljun alla olisi tiivistetty murskepeti. Paljun pohjassa on kyll\u00e4stetyt lankut joiden varaan palju asennetaan. Lankkujen alle esimerkiksi betonilaatat 40 x 40 cm, siten ett\u00e4 paljun pohjan alle j\u00e4\u00e4 tuuletusv\u00e4li. My\u00f6s kamiinan alle pit\u00e4\u00e4 olla omat laatat, koska kamiina seisoo omilla jaloillaan paljun vieress\u00e4.<\/p>\n<p>\n<!-- \/wp:paragraph -->\n\n<p><\/p>\n\n<!-- wp:paragraph -->\n<\/p>\n<p><strong>Kuinka suodatinpallot t\u00e4ytet\u00e4\u00e4n hiekkasuodatins\u00e4ili\u00f6\u00f6n<\/strong><\/p>\n<p><a href=\"https:\/\/www.paljupihaan.fi\/wp-content\/uploads\/2018\/02\/Suodatinpallo-esite.pdf\">Ohjeet t\u00e4ss\u00e4 linkiss\u00e4.<\/a> Vaihtaessasi suodatinpalloja muista sammuttaa pumppu, tulpata l\u00e4pivienti ja sulkea hana vaihdon ajaksi. Suodatinpalloja voi k\u00e4ytt\u00e4\u00e4 uudelleen niiden pesun j\u00e4lkeen, konepesu k\u00e4y my\u00f6s palloille. Pesu aina ilman pesuainetta. Muuten vaihdossa pallojen asennus samoin kuin ensiasennuksessa.<\/p>\n<p>\n<!-- \/wp:paragraph -->\n\n<p><\/p>\n\n<!-- wp:paragraph -->\n<\/p>\n<p><strong>Voiko paljuun j\u00e4lkeenp\u00e4in asentaa lis\u00e4varusteita?<\/strong><br \/>Vastaus:<\/p>\n<p>\n<!-- \/wp:paragraph -->\n\n<p><\/p>\n\n<!-- wp:paragraph -->\n<\/p>\n<p>\n<!-- \/wp:paragraph -->\n\n<p><\/p>\n<p>[\/et_pb_text][\/et_pb_column][\/et_pb_row][\/et_pb_section]<\/p>","_et_gb_content_width":""},"_links":{"self":[{"href":"https:\/\/www.paljupihaan.fi\/en\/wp-json\/wp\/v2\/pages\/4005"}],"collection":[{"href":"https:\/\/www.paljupihaan.fi\/en\/wp-json\/wp\/v2\/pages"}],"about":[{"href":"https:\/\/www.paljupihaan.fi\/en\/wp-json\/wp\/v2\/types\/page"}],"author":[{"embeddable":true,"href":"https:\/\/www.paljupihaan.fi\/en\/wp-json\/wp\/v2\/users\/27"}],"replies":[{"embeddable":true,"href":"https:\/\/www.paljupihaan.fi\/en\/wp-json\/wp\/v2\/comments?post=4005"}],"version-history":[{"count":36,"href":"https:\/\/www.paljupihaan.fi\/en\/wp-json\/wp\/v2\/pages\/4005\/revisions"}],"predecessor-version":[{"id":6668,"href":"https:\/\/www.paljupihaan.fi\/en\/wp-json\/wp\/v2\/pages\/4005\/revisions\/6668"}],"wp:attachment":[{"href":"https:\/\/www.paljupihaan.fi\/en\/wp-json\/wp\/v2\/media?parent=4005"}],"curies":[{"name":"wp","href":"https:\/\/api.w.org\/{rel}","templated":true}]}}